{"id":502,"date":"2024-10-24T17:30:47","date_gmt":"2024-10-24T17:30:47","guid":{"rendered":"https:\/\/www.aquaventus.hr\/?page_id=502"},"modified":"2024-10-24T17:39:43","modified_gmt":"2024-10-24T17:39:43","slug":"evaporativni-uredaj-za-hladenje","status":"publish","type":"page","link":"https:\/\/www.aquaventus.hr\/index.php\/evaporativni-uredaj-za-hladenje\/","title":{"rendered":"Evaporativni ure\u0111aj za hla\u0111enje"},"content":{"rendered":"\t\t<div data-elementor-type=\"wp-page\" data-elementor-id=\"502\" class=\"elementor elementor-502\" data-elementor-settings=\"[]\">\n\t\t\t\t\t\t\t<div class=\"elementor-section-wrap\">\n\t\t\t\t\t\t\t<section class=\"elementor-section elementor-top-section elementor-element elementor-element-14771996 elementor-section-boxed elementor-section-height-default elementor-section-height-default\" data-id=\"14771996\" data-element_type=\"section\">\n\t\t\t\t\t\t<div class=\"elementor-container elementor-column-gap-default\">\n\t\t\t\t\t<div class=\"elementor-column elementor-col-100 elementor-top-column elementor-element elementor-element-76042219\" data-id=\"76042219\" data-element_type=\"column\">\n\t\t\t<div class=\"elementor-widget-wrap elementor-element-populated\">\n\t\t\t\t\t\t\t\t<div class=\"elementor-element elementor-element-cdc5227 elementor-arrows-position-inside elementor-pagination-position-outside elementor-widget elementor-widget-image-carousel\" data-id=\"cdc5227\" data-element_type=\"widget\" data-settings=\"{&quot;slides_to_show&quot;:&quot;1&quot;,&quot;navigation&quot;:&quot;both&quot;,&quot;autoplay&quot;:&quot;yes&quot;,&quot;pause_on_hover&quot;:&quot;yes&quot;,&quot;pause_on_interaction&quot;:&quot;yes&quot;,&quot;autoplay_speed&quot;:5000,&quot;infinite&quot;:&quot;yes&quot;,&quot;effect&quot;:&quot;slide&quot;,&quot;speed&quot;:500}\" data-widget_type=\"image-carousel.default\">\n\t\t\t\t<div class=\"elementor-widget-container\">\n\t\t\t\t\t<div class=\"elementor-image-carousel-wrapper swiper-container\" dir=\"ltr\">\n\t\t\t<div class=\"elementor-image-carousel swiper-wrapper\">\n\t\t\t\t<div class=\"swiper-slide\"><figure class=\"swiper-slide-inner\"><img decoding=\"async\" class=\"swiper-slide-image\" src=\"https:\/\/www.aquaventus.hr\/wp-content\/uploads\/elementor\/thumbs\/ES-E7500-1-qvz210zk8vslhiyo2lg8p8hyi91tr5ousruyho127k.jpg\" alt=\"ES E7500-1\" \/><\/figure><\/div><div class=\"swiper-slide\"><figure class=\"swiper-slide-inner\"><img decoding=\"async\" class=\"swiper-slide-image\" src=\"https:\/\/www.aquaventus.hr\/wp-content\/uploads\/elementor\/thumbs\/ES-E7500-2-qvz1t0f3yqtkh8ltvmprxrbg4yk542v9d3kw5pwx9s.jpg\" alt=\"ES E7500-2\" \/><\/figure><\/div><div class=\"swiper-slide\"><figure class=\"swiper-slide-inner\"><img decoding=\"async\" class=\"swiper-slide-image\" src=\"https:\/\/www.aquaventus.hr\/wp-content\/uploads\/elementor\/thumbs\/ES-E7500-3-scaled-qvz1t46gq2yprogd9oca7qdaii1lyva6pm6u2trckw.jpg\" alt=\"ES E7500-3\" \/><\/figure><\/div><div class=\"swiper-slide\"><figure class=\"swiper-slide-inner\"><img decoding=\"async\" class=\"swiper-slide-image\" src=\"https:\/\/www.aquaventus.hr\/wp-content\/uploads\/elementor\/thumbs\/ES-E7500-4-scaled-qvz1uhzwsauwv0g06rvidvspzx82atrykgrkihphf4.jpg\" alt=\"ES E7500-4\" \/><\/figure><\/div><div class=\"swiper-slide\"><figure class=\"swiper-slide-inner\"><img decoding=\"async\" class=\"swiper-slide-image\" src=\"https:\/\/www.aquaventus.hr\/wp-content\/uploads\/elementor\/thumbs\/DSC01300-scaled-qw1gd5zb32lo2s7uq3t9kwowm1fi8ksa4mr6sbk7e8.jpg\" alt=\"DSC01300\" \/><\/figure><\/div>\t\t\t<\/div>\n\t\t\t\t\t\t\t\t\t\t\t\t<div class=\"swiper-pagination\"><\/div>\n\t\t\t\t\t\t\t\t\t\t\t\t\t<div class=\"elementor-swiper-button elementor-swiper-button-prev\">\n\t\t\t\t\t\t<i class=\"eicon-chevron-left\" aria-hidden=\"true\"><\/i>\n\t\t\t\t\t\t<span class=\"elementor-screen-only\">Previous<\/span>\n\t\t\t\t\t<\/div>\n\t\t\t\t\t<div class=\"elementor-swiper-button elementor-swiper-button-next\">\n\t\t\t\t\t\t<i class=\"eicon-chevron-right\" aria-hidden=\"true\"><\/i>\n\t\t\t\t\t\t<span class=\"elementor-screen-only\">Next<\/span>\n\t\t\t\t\t<\/div>\n\t\t\t\t\t\t\t\t\t<\/div>\n\t\t\t\t<\/div>\n\t\t\t\t<\/div>\n\t\t\t\t<div class=\"elementor-element elementor-element-4289744 elementor-widget elementor-widget-text-editor\" data-id=\"4289744\" data-element_type=\"widget\" data-widget_type=\"text-editor.default\">\n\t\t\t\t<div class=\"elementor-widget-container\">\n\t\t\t\t\t\t\t\t<p>\u2022 Dimenzije ure\u0111aja: Vx\u0160xD 1550x515x350 mm <br \/>\u2022 Te\u017eina ure\u0111aja bez vode: 25 kg <br \/>\u2022 Dimenzije zapakiranoga ure\u0111aja: Vx\u0160xD 1750x550x395 mm <br \/>\u2022 Te\u017eina zapakiranoga ure\u0111aja: 27 kg <br \/>\u2022 Nakon raspakiranja na ure\u0111aj je potrebno samo montirati kota\u010de i spreman je za <br \/>upotrebu <br \/>\u2022 Tri brzine ventilatora <br \/>\u2022 Napon\/frekvencija: 220-240V\/50Hz <br \/>\u2022 Ukupna snaga 180 W <br \/>\u2022 Kapacitet rezervoara za vodu 30 litra <br \/>\u2022 Radi na obi\u010dnu vodu iz slavine <br \/>\u2022 Maksimalni protok zraka 7500 m3\/h <br \/>\u2022 Daljinsko upravljanje svim funkcijama, te upravljane preko komandne plo\u010de na <br \/>ure\u0111aju <br \/>\u2022 Mogu\u0107nost pro\u010di\u0161\u0107avanja zraka uklju\u010divanjem opcije &#8220;Anion&#8221; <br \/>\u2022 Oscilacija lijevo desno pomo\u0107u motora, te mogu\u0107nost ru\u010dnog pode\u0161avanja re\u0161etki za <br \/>usmjeravanje zraka prema gore ili dolje <br \/>\u2022 Oscilacija lijevo i desno, anion te hla\u0111enje posebno se uklju\u010duju i isklju\u010duju ovisno <br \/>potrebi putem daljinskog upravlja\u010da ili na samom ure\u0111aju <br \/>\u2022 Buka: &lt;55 dB <br \/>\u2022 U\u010dinkovitost na podru\u010dju do 30-50 m2<\/p>\t\t\t\t\t\t<\/div>\n\t\t\t\t<\/div>\n\t\t\t\t<section class=\"elementor-section elementor-inner-section elementor-element elementor-element-816b34e elementor-section-boxed elementor-section-height-default elementor-section-height-default\" data-id=\"816b34e\" data-element_type=\"section\">\n\t\t\t\t\t\t<div class=\"elementor-container elementor-column-gap-default\">\n\t\t\t\t\t<div class=\"elementor-column elementor-col-50 elementor-inner-column elementor-element elementor-element-423a910\" data-id=\"423a910\" data-element_type=\"column\">\n\t\t\t<div class=\"elementor-widget-wrap elementor-element-populated\">\n\t\t\t\t\t\t\t\t<div class=\"elementor-element elementor-element-a83d319 elementor-widget elementor-widget-button\" data-id=\"a83d319\" data-element_type=\"widget\" data-widget_type=\"button.default\">\n\t\t\t\t<div class=\"elementor-widget-container\">\n\t\t\t\t\t<div class=\"elementor-button-wrapper\">\n\t\t\t<a href=\"https:\/\/www.aquaventus.hr\/wp-content\/uploads\/2024\/10\/Evaporativni-rashladivac-informacije-o-proizvodu-1.pdf\" class=\"elementor-button-link elementor-button elementor-size-sm\" role=\"button\">\n\t\t\t\t\t\t<span class=\"elementor-button-content-wrapper\">\n\t\t\t\t\t\t<span class=\"elementor-button-text\">Informacije o proizvodu<\/span>\n\t\t<\/span>\n\t\t\t\t\t<\/a>\n\t\t<\/div>\n\t\t\t\t<\/div>\n\t\t\t\t<\/div>\n\t\t\t\t\t<\/div>\n\t\t<\/div>\n\t\t\t\t<div class=\"elementor-column elementor-col-50 elementor-inner-column elementor-element elementor-element-97ec6ca\" data-id=\"97ec6ca\" data-element_type=\"column\">\n\t\t\t<div class=\"elementor-widget-wrap\">\n\t\t\t\t\t\t\t\t\t<\/div>\n\t\t<\/div>\n\t\t\t\t\t\t\t<\/div>\n\t\t<\/section>\n\t\t\t\t\t<\/div>\n\t\t<\/div>\n\t\t\t\t\t\t\t<\/div>\n\t\t<\/section>\n\t\t\t\t\t\t<\/div>\n\t\t\t\t\t<\/div>\n\t\t","protected":false},"excerpt":{"rendered":"<p>Prethodno Sljede\u0107e \u2022 Dimenzije ure\u0111aja: Vx\u0160xD 1550x515x350 mm \u2022 Te\u017eina ure\u0111aja bez vode: 25 kg \u2022 Dimenzije zapakiranoga ure\u0111aja: Vx\u0160xD 1750x550x395 mm \u2022 Te\u017eina zapakiranoga ure\u0111aja: 27 kg \u2022 Nakon raspakiranja na ure\u0111aj je potrebno samo montirati kota\u010de i spreman je za upotrebu \u2022 Tri brzine ventilatora \u2022 Napon\/frekvencija: 220-240V\/50Hz \u2022 Ukupna snaga 180 W [&hellip;]<\/p>\n","protected":false},"author":1,"featured_media":0,"parent":0,"menu_order":0,"comment_status":"closed","ping_status":"closed","template":"","meta":{"footnotes":""},"class_list":["post-502","page","type-page","status-publish","hentry","post"],"yoast_head":"<!-- This site is optimized with the Yoast SEO plugin v16.4 - https:\/\/yoast.com\/wordpress\/plugins\/seo\/ -->\n<title>Evaporativni ure\u0111aj za hla\u0111enje - Aquaventus<\/title>\n<meta name=\"robots\" content=\"index, follow, max-snippet:-1, max-image-preview:large, max-video-preview:-1\" \/>\n<link rel=\"canonical\" href=\"https:\/\/www.aquaventus.hr\/index.php\/evaporativni-uredaj-za-hladenje\/\" \/>\n<meta property=\"og:locale\" content=\"en_US\" \/>\n<meta property=\"og:type\" content=\"article\" \/>\n<meta property=\"og:title\" content=\"Evaporativni ure\u0111aj za hla\u0111enje - Aquaventus\" \/>\n<meta property=\"og:description\" content=\"Prethodno Sljede\u0107e \u2022 Dimenzije ure\u0111aja: Vx\u0160xD 1550x515x350 mm \u2022 Te\u017eina ure\u0111aja bez vode: 25 kg \u2022 Dimenzije zapakiranoga ure\u0111aja: Vx\u0160xD 1750x550x395 mm \u2022 Te\u017eina zapakiranoga ure\u0111aja: 27 kg \u2022 Nakon raspakiranja na ure\u0111aj je potrebno samo montirati kota\u010de i spreman je za upotrebu \u2022 Tri brzine ventilatora \u2022 Napon\/frekvencija: 220-240V\/50Hz \u2022 Ukupna snaga 180 W [&hellip;]\" \/>\n<meta property=\"og:url\" content=\"https:\/\/www.aquaventus.hr\/index.php\/evaporativni-uredaj-za-hladenje\/\" \/>\n<meta property=\"og:site_name\" content=\"Aquaventus\" \/>\n<meta property=\"article:modified_time\" content=\"2024-10-24T17:39:43+00:00\" \/>\n<meta property=\"og:image\" content=\"https:\/\/www.aquaventus.hr\/wp-content\/uploads\/elementor\/thumbs\/ES-E7500-1-qvz210zk8vslhiyo2lg8p8hyi91tr5ousruyho127k.jpg\" \/>\n<meta name=\"twitter:card\" content=\"summary_large_image\" \/>\n<meta name=\"twitter:label1\" content=\"Est. reading time\" \/>\n\t<meta name=\"twitter:data1\" content=\"1 minute\" \/>\n<script type=\"application\/ld+json\" class=\"yoast-schema-graph\">{\"@context\":\"https:\/\/schema.org\",\"@graph\":[{\"@type\":\"WebSite\",\"@id\":\"https:\/\/www.aquaventus.hr\/#website\",\"url\":\"https:\/\/www.aquaventus.hr\/\",\"name\":\"Aquaventus\",\"description\":\"Rje\\u0161enja za hla\\u0111enje vanjskih prostora\",\"potentialAction\":[{\"@type\":\"SearchAction\",\"target\":\"https:\/\/www.aquaventus.hr\/?s={search_term_string}\",\"query-input\":\"required name=search_term_string\"}],\"inLanguage\":\"en-US\"},{\"@type\":\"ImageObject\",\"@id\":\"https:\/\/www.aquaventus.hr\/index.php\/evaporativni-uredaj-za-hladenje\/#primaryimage\",\"inLanguage\":\"en-US\",\"url\":\"https:\/\/www.aquaventus.hr\/wp-content\/uploads\/elementor\/thumbs\/ES-E7500-1-qvz210zk8vslhiyo2lg8p8hyi91tr5ousruyho127k.jpg\",\"contentUrl\":\"https:\/\/www.aquaventus.hr\/wp-content\/uploads\/elementor\/thumbs\/ES-E7500-1-qvz210zk8vslhiyo2lg8p8hyi91tr5ousruyho127k.jpg\"},{\"@type\":\"WebPage\",\"@id\":\"https:\/\/www.aquaventus.hr\/index.php\/evaporativni-uredaj-za-hladenje\/#webpage\",\"url\":\"https:\/\/www.aquaventus.hr\/index.php\/evaporativni-uredaj-za-hladenje\/\",\"name\":\"Evaporativni ure\\u0111aj za hla\\u0111enje - Aquaventus\",\"isPartOf\":{\"@id\":\"https:\/\/www.aquaventus.hr\/#website\"},\"primaryImageOfPage\":{\"@id\":\"https:\/\/www.aquaventus.hr\/index.php\/evaporativni-uredaj-za-hladenje\/#primaryimage\"},\"datePublished\":\"2024-10-24T17:30:47+00:00\",\"dateModified\":\"2024-10-24T17:39:43+00:00\",\"breadcrumb\":{\"@id\":\"https:\/\/www.aquaventus.hr\/index.php\/evaporativni-uredaj-za-hladenje\/#breadcrumb\"},\"inLanguage\":\"en-US\",\"potentialAction\":[{\"@type\":\"ReadAction\",\"target\":[\"https:\/\/www.aquaventus.hr\/index.php\/evaporativni-uredaj-za-hladenje\/\"]}]},{\"@type\":\"BreadcrumbList\",\"@id\":\"https:\/\/www.aquaventus.hr\/index.php\/evaporativni-uredaj-za-hladenje\/#breadcrumb\",\"itemListElement\":[{\"@type\":\"ListItem\",\"position\":1,\"item\":{\"@type\":\"WebPage\",\"@id\":\"https:\/\/www.aquaventus.hr\/\",\"url\":\"https:\/\/www.aquaventus.hr\/\",\"name\":\"Po\\u010detna stranica\"}},{\"@type\":\"ListItem\",\"position\":2,\"item\":{\"@id\":\"https:\/\/www.aquaventus.hr\/index.php\/evaporativni-uredaj-za-hladenje\/#webpage\"}}]}]}<\/script>\n<!-- \/ Yoast SEO plugin. -->","_links":{"self":[{"href":"https:\/\/www.aquaventus.hr\/index.php\/wp-json\/wp\/v2\/pages\/502","targetHints":{"allow":["GET"]}}],"collection":[{"href":"https:\/\/www.aquaventus.hr\/index.php\/wp-json\/wp\/v2\/pages"}],"about":[{"href":"https:\/\/www.aquaventus.hr\/index.php\/wp-json\/wp\/v2\/types\/page"}],"author":[{"embeddable":true,"href":"https:\/\/www.aquaventus.hr\/index.php\/wp-json\/wp\/v2\/users\/1"}],"replies":[{"embeddable":true,"href":"https:\/\/www.aquaventus.hr\/index.php\/wp-json\/wp\/v2\/comments?post=502"}],"version-history":[{"count":7,"href":"https:\/\/www.aquaventus.hr\/index.php\/wp-json\/wp\/v2\/pages\/502\/revisions"}],"predecessor-version":[{"id":531,"href":"https:\/\/www.aquaventus.hr\/index.php\/wp-json\/wp\/v2\/pages\/502\/revisions\/531"}],"wp:attachment":[{"href":"https:\/\/www.aquaventus.hr\/index.php\/wp-json\/wp\/v2\/media?parent=502"}],"curies":[{"name":"wp","href":"https:\/\/api.w.org\/{rel}","templated":true}]}}