{"id":5,"date":"2021-05-10T23:26:59","date_gmt":"2021-05-10T23:26:59","guid":{"rendered":"https:\/\/www.aquaventus.hr\/?page_id=5"},"modified":"2025-11-01T09:15:46","modified_gmt":"2025-11-01T09:15:46","slug":"home","status":"publish","type":"page","link":"https:\/\/www.aquaventus.hr\/","title":{"rendered":"Profesionalna rje\u0161enja za hla\u0111enje terasa i vanjskih prostora"},"content":{"rendered":"\t\t<div data-elementor-type=\"wp-page\" data-elementor-id=\"5\" class=\"elementor elementor-5\" data-elementor-settings=\"[]\">\n\t\t\t\t\t\t\t<div class=\"elementor-section-wrap\">\n\t\t\t\t\t\t\t<section class=\"elementor-section elementor-top-section elementor-element elementor-element-0ffb180 elementor-section-boxed elementor-section-height-default elementor-section-height-default\" data-id=\"0ffb180\" data-element_type=\"section\">\n\t\t\t\t\t\t<div class=\"elementor-container elementor-column-gap-default\">\n\t\t\t\t\t<div class=\"elementor-column elementor-col-33 elementor-top-column elementor-element elementor-element-e27d2bc\" data-id=\"e27d2bc\" data-element_type=\"column\">\n\t\t\t<div class=\"elementor-widget-wrap elementor-element-populated\">\n\t\t\t\t\t\t\t\t<div class=\"elementor-element elementor-element-c98fcfd elementor-widget elementor-widget-image\" data-id=\"c98fcfd\" data-element_type=\"widget\" data-widget_type=\"image.default\">\n\t\t\t\t<div class=\"elementor-widget-container\">\n\t\t\t\t\t\t\t\t\t\t\t\t\t\t\t\t<a href=\"https:\/\/www.aquaventus.hr\/index.php\/ventilatori\/\">\n\t\t\t\t\t\t\t<img loading=\"lazy\" decoding=\"async\" width=\"1024\" height=\"1024\" src=\"https:\/\/www.aquaventus.hr\/wp-content\/uploads\/2021\/05\/Dizajn-bez-naslova-1024x1024.png\" class=\"attachment-large size-large\" alt=\"\" srcset=\"https:\/\/www.aquaventus.hr\/wp-content\/uploads\/2021\/05\/Dizajn-bez-naslova-1024x1024.png 1024w, https:\/\/www.aquaventus.hr\/wp-content\/uploads\/2021\/05\/Dizajn-bez-naslova-300x300.png 300w, https:\/\/www.aquaventus.hr\/wp-content\/uploads\/2021\/05\/Dizajn-bez-naslova-150x150.png 150w, https:\/\/www.aquaventus.hr\/wp-content\/uploads\/2021\/05\/Dizajn-bez-naslova-768x768.png 768w, https:\/\/www.aquaventus.hr\/wp-content\/uploads\/2021\/05\/Dizajn-bez-naslova-500x500.png 500w, https:\/\/www.aquaventus.hr\/wp-content\/uploads\/2021\/05\/Dizajn-bez-naslova.png 1080w\" sizes=\"auto, (max-width: 1024px) 100vw, 1024px\" \/>\t\t\t\t\t\t\t\t<\/a>\n\t\t\t\t\t\t\t\t\t\t\t\t\t\t\t<\/div>\n\t\t\t\t<\/div>\n\t\t\t\t\t<\/div>\n\t\t<\/div>\n\t\t\t\t<div class=\"elementor-column elementor-col-66 elementor-top-column elementor-element elementor-element-c4905b3\" data-id=\"c4905b3\" data-element_type=\"column\">\n\t\t\t<div class=\"elementor-widget-wrap elementor-element-populated\">\n\t\t\t\t\t\t\t\t<div class=\"elementor-element elementor-element-f402934 elementor-widget elementor-widget-heading\" data-id=\"f402934\" data-element_type=\"widget\" data-widget_type=\"heading.default\">\n\t\t\t\t<div class=\"elementor-widget-container\">\n\t\t\t<h2 class=\"elementor-heading-title elementor-size-xxl\"><a href=\"https:\/\/www.aquaventus.hr\/index.php\/ventilatori\/\">Ventilator s raspr\u0161iva\u010dem vodene magle - dostupno<\/a><\/h2>\t\t<\/div>\n\t\t\t\t<\/div>\n\t\t\t\t<div class=\"elementor-element elementor-element-16cd594 elementor-widget elementor-widget-text-editor\" data-id=\"16cd594\" data-element_type=\"widget\" data-widget_type=\"text-editor.default\">\n\t\t\t\t<div class=\"elementor-widget-container\">\n\t\t\t\t\t\t\t\t<h6>Ventilator sa raspr\u0161iva\u010dem vodene maglice efikasno hladi prostor i stvara ugodniji ambijent. Ure\u0111aj je mobilan i sa ugra\u0111enim spremnikom za vodu stvara savr\u0161eno rje\u0161enje za sve vrste terasa i ugostiteljskih objekata. Vrlo je jednostavan za odr\u017eavanje i radi na vodu iz slavine.<\/h6>\t\t\t\t\t\t<\/div>\n\t\t\t\t<\/div>\n\t\t\t\t\t<\/div>\n\t\t<\/div>\n\t\t\t\t\t\t\t<\/div>\n\t\t<\/section>\n\t\t\t\t<header class=\"elementor-section elementor-top-section elementor-element elementor-element-de96baa elementor-section-boxed elementor-section-height-default elementor-section-height-default\" data-id=\"de96baa\" data-element_type=\"section\">\n\t\t\t\t\t\t<div class=\"elementor-container elementor-column-gap-default\">\n\t\t\t\t\t<div class=\"elementor-column elementor-col-100 elementor-top-column elementor-element elementor-element-b168c36\" data-id=\"b168c36\" data-element_type=\"column\">\n\t\t\t<div class=\"elementor-widget-wrap elementor-element-populated\">\n\t\t\t\t\t\t\t\t<div class=\"elementor-element elementor-element-c10f3d5 elementor-widget elementor-widget-heading\" data-id=\"c10f3d5\" data-element_type=\"widget\" data-widget_type=\"heading.default\">\n\t\t\t\t<div class=\"elementor-widget-container\">\n\t\t\t<h2 class=\"elementor-heading-title elementor-size-xl\">NOVO   NA  TR\u017dI\u0160TU  HLA\u0110ENJA  VANJSKIH  PROSTORA <\/h2>\t\t<\/div>\n\t\t\t\t<\/div>\n\t\t\t\t\t<\/div>\n\t\t<\/div>\n\t\t\t\t\t\t\t<\/div>\n\t\t<\/header>\n\t\t\t\t<section class=\"elementor-section elementor-top-section elementor-element elementor-element-feb0ffe elementor-section-boxed elementor-section-height-default elementor-section-height-default\" data-id=\"feb0ffe\" data-element_type=\"section\">\n\t\t\t\t\t\t<div class=\"elementor-container elementor-column-gap-wide\">\n\t\t\t\t\t<div class=\"elementor-column elementor-col-50 elementor-top-column elementor-element elementor-element-b4db5d0\" data-id=\"b4db5d0\" data-element_type=\"column\">\n\t\t\t<div class=\"elementor-widget-wrap elementor-element-populated\">\n\t\t\t\t\t\t\t\t<div class=\"elementor-element elementor-element-147720b elementor-widget elementor-widget-image\" data-id=\"147720b\" data-element_type=\"widget\" data-widget_type=\"image.default\">\n\t\t\t\t<div class=\"elementor-widget-container\">\n\t\t\t\t\t\t\t\t\t\t\t\t\t\t\t<img loading=\"lazy\" decoding=\"async\" width=\"300\" height=\"300\" src=\"https:\/\/www.aquaventus.hr\/wp-content\/uploads\/2022\/05\/ES-E7500-1-300x300.jpg\" class=\"attachment-medium size-medium\" alt=\"\" srcset=\"https:\/\/www.aquaventus.hr\/wp-content\/uploads\/2022\/05\/ES-E7500-1-300x300.jpg 300w, https:\/\/www.aquaventus.hr\/wp-content\/uploads\/2022\/05\/ES-E7500-1-1024x1024.jpg 1024w, https:\/\/www.aquaventus.hr\/wp-content\/uploads\/2022\/05\/ES-E7500-1-150x150.jpg 150w, https:\/\/www.aquaventus.hr\/wp-content\/uploads\/2022\/05\/ES-E7500-1-768x768.jpg 768w, https:\/\/www.aquaventus.hr\/wp-content\/uploads\/2022\/05\/ES-E7500-1-1536x1536.jpg 1536w, https:\/\/www.aquaventus.hr\/wp-content\/uploads\/2022\/05\/ES-E7500-1-500x500.jpg 500w, https:\/\/www.aquaventus.hr\/wp-content\/uploads\/2022\/05\/ES-E7500-1.jpg 1920w\" sizes=\"auto, (max-width: 300px) 100vw, 300px\" \/>\t\t\t\t\t\t\t\t\t\t\t\t\t\t\t<\/div>\n\t\t\t\t<\/div>\n\t\t\t\t\t<\/div>\n\t\t<\/div>\n\t\t\t\t<div class=\"elementor-column elementor-col-50 elementor-top-column elementor-element elementor-element-7eb6eb8\" data-id=\"7eb6eb8\" data-element_type=\"column\">\n\t\t\t<div class=\"elementor-widget-wrap elementor-element-populated\">\n\t\t\t\t\t\t\t\t<div class=\"elementor-element elementor-element-ab43c05 elementor-widget elementor-widget-heading\" data-id=\"ab43c05\" data-element_type=\"widget\" data-widget_type=\"heading.default\">\n\t\t\t\t<div class=\"elementor-widget-container\">\n\t\t\t<h2 class=\"elementor-heading-title elementor-size-xl\"><a href=\"https:\/\/www.aquaventus.hr\/index.php\/evaporativni-uredaj-za-hladenje\/\">EVAPORATIVNI  URE\u0110AJ  ZA  HLA\u0110ENJE  VANJSKIH PROSTORA  dostupno <\/a><\/h2>\t\t<\/div>\n\t\t\t\t<\/div>\n\t\t\t\t<div class=\"elementor-element elementor-element-b9f080e elementor-drop-cap-yes elementor-drop-cap-view-default elementor-widget elementor-widget-text-editor\" data-id=\"b9f080e\" data-element_type=\"widget\" data-settings=\"{&quot;drop_cap&quot;:&quot;yes&quot;}\" data-widget_type=\"text-editor.default\">\n\t\t\t\t<div class=\"elementor-widget-container\">\n\t\t\t\t\t\t\t\t<h6><strong>Ovaj evaporativni ure\u0111aj namijenjen je za hla\u0111enje otvorenih prostora kao \u0161to su terase restorana i kafi\u0107a kao i velikih zatvorenih prostora poput tvorni\u010dkih hala i sportskih dvorana. Ure\u0111aj dolazi sastavljen samo je potrebno montirati kota\u010de. Radi na vodu iz slavine i ima rezervoar od 30 litara. Ne proizvodi fine kapljice vode poput ventilatora pa je podoban za osjetljivu okolinu i uvjete gdje oro\u0161avanje nije dozvoljeno. Dostatan je za povr\u0161ine od 30 do 50 m2.<\/strong><\/h6>\t\t\t\t\t\t<\/div>\n\t\t\t\t<\/div>\n\t\t\t\t\t<\/div>\n\t\t<\/div>\n\t\t\t\t\t\t\t<\/div>\n\t\t<\/section>\n\t\t\t\t<section class=\"elementor-section elementor-top-section elementor-element elementor-element-1bff395 elementor-section-boxed elementor-section-height-default elementor-section-height-default\" data-id=\"1bff395\" data-element_type=\"section\">\n\t\t\t\t\t\t<div class=\"elementor-container elementor-column-gap-default\">\n\t\t\t\t\t<div class=\"elementor-column elementor-col-33 elementor-top-column elementor-element elementor-element-cd9c7fc\" data-id=\"cd9c7fc\" data-element_type=\"column\">\n\t\t\t<div class=\"elementor-widget-wrap elementor-element-populated\">\n\t\t\t\t\t\t\t\t<div class=\"elementor-element elementor-element-0e7b8e3 elementor-widget elementor-widget-image\" data-id=\"0e7b8e3\" data-element_type=\"widget\" data-widget_type=\"image.default\">\n\t\t\t\t<div class=\"elementor-widget-container\">\n\t\t\t\t\t\t\t\t\t\t\t\t\t\t\t\t<a href=\"https:\/\/www.aquaventus.hr\/index.php\/hobi-centar\/\">\n\t\t\t\t\t\t\t<img loading=\"lazy\" decoding=\"async\" width=\"1024\" height=\"683\" src=\"https:\/\/www.aquaventus.hr\/wp-content\/uploads\/2021\/06\/DSCF0905-1024x683.jpg\" class=\"attachment-large size-large\" alt=\"\" srcset=\"https:\/\/www.aquaventus.hr\/wp-content\/uploads\/2021\/06\/DSCF0905-1024x683.jpg 1024w, https:\/\/www.aquaventus.hr\/wp-content\/uploads\/2021\/06\/DSCF0905-300x200.jpg 300w, https:\/\/www.aquaventus.hr\/wp-content\/uploads\/2021\/06\/DSCF0905-768x512.jpg 768w, https:\/\/www.aquaventus.hr\/wp-content\/uploads\/2021\/06\/DSCF0905-1536x1024.jpg 1536w, https:\/\/www.aquaventus.hr\/wp-content\/uploads\/2021\/06\/DSCF0905-2048x1365.jpg 2048w, https:\/\/www.aquaventus.hr\/wp-content\/uploads\/2021\/06\/DSCF0905-720x480.jpg 720w\" sizes=\"auto, (max-width: 1024px) 100vw, 1024px\" \/>\t\t\t\t\t\t\t\t<\/a>\n\t\t\t\t\t\t\t\t\t\t\t\t\t\t\t<\/div>\n\t\t\t\t<\/div>\n\t\t\t\t\t<\/div>\n\t\t<\/div>\n\t\t\t\t<div class=\"elementor-column elementor-col-66 elementor-top-column elementor-element elementor-element-151d918\" data-id=\"151d918\" data-element_type=\"column\">\n\t\t\t<div class=\"elementor-widget-wrap elementor-element-populated\">\n\t\t\t\t\t\t\t\t<div class=\"elementor-element elementor-element-8a7a74a elementor-widget elementor-widget-heading\" data-id=\"8a7a74a\" data-element_type=\"widget\" data-widget_type=\"heading.default\">\n\t\t\t\t<div class=\"elementor-widget-container\">\n\t\t\t<h2 class=\"elementor-heading-title elementor-size-xxl\"><a href=\"https:\/\/www.aquaventus.hr\/index.php\/hobi-centar\/\">Hobi centar<\/a><\/h2>\t\t<\/div>\n\t\t\t\t<\/div>\n\t\t\t\t<div class=\"elementor-element elementor-element-9f1d020 elementor-widget elementor-widget-text-editor\" data-id=\"9f1d020\" data-element_type=\"widget\" data-widget_type=\"text-editor.default\">\n\t\t\t\t<div class=\"elementor-widget-container\">\n\t\t\t\t\t\t\t\t<h6>Trgovina \u0161irokog asortimana neprehrambene robe. Alati i strojevi, radna odje\u0107a i obu\u0107a, za\u0161titna oprema, boje i lakovi, mali ku\u0107anski aparati, kupaonski pribor i jo\u0161 mnogo toga.<\/h6>\t\t\t\t\t\t<\/div>\n\t\t\t\t<\/div>\n\t\t\t\t\t<\/div>\n\t\t<\/div>\n\t\t\t\t\t\t\t<\/div>\n\t\t<\/section>\n\t\t\t\t<section class=\"elementor-section elementor-top-section elementor-element elementor-element-b47ac9c elementor-section-boxed elementor-section-height-default elementor-section-height-default\" data-id=\"b47ac9c\" data-element_type=\"section\">\n\t\t\t\t\t\t<div class=\"elementor-container elementor-column-gap-default\">\n\t\t\t\t\t<div class=\"elementor-column elementor-col-100 elementor-top-column elementor-element elementor-element-67767c8\" data-id=\"67767c8\" data-element_type=\"column\">\n\t\t\t<div class=\"elementor-widget-wrap elementor-element-populated\">\n\t\t\t\t\t\t\t\t<div class=\"elementor-element elementor-element-5cabc7f elementor-widget elementor-widget-spacer\" data-id=\"5cabc7f\" data-element_type=\"widget\" data-widget_type=\"spacer.default\">\n\t\t\t\t<div class=\"elementor-widget-container\">\n\t\t\t\t\t<div class=\"elementor-spacer\">\n\t\t\t<div class=\"elementor-spacer-inner\"><\/div>\n\t\t<\/div>\n\t\t\t\t<\/div>\n\t\t\t\t<\/div>\n\t\t\t\t<div class=\"elementor-element elementor-element-0bbd36b elementor-widget elementor-widget-image\" data-id=\"0bbd36b\" data-element_type=\"widget\" data-widget_type=\"image.default\">\n\t\t\t\t<div class=\"elementor-widget-container\">\n\t\t\t\t\t\t\t\t\t\t\t\t\t\t\t\t<a href=\"https:\/\/www.aquaventus.hr\/index.php\/milwaukee\/\">\n\t\t\t\t\t\t\t<img loading=\"lazy\" decoding=\"async\" width=\"1024\" height=\"621\" src=\"https:\/\/www.aquaventus.hr\/wp-content\/uploads\/2022\/06\/M18_CHPXDE-502C_komplet-1024x621.png\" class=\"attachment-large size-large\" alt=\"\" srcset=\"https:\/\/www.aquaventus.hr\/wp-content\/uploads\/2022\/06\/M18_CHPXDE-502C_komplet-1024x621.png 1024w, https:\/\/www.aquaventus.hr\/wp-content\/uploads\/2022\/06\/M18_CHPXDE-502C_komplet-300x182.png 300w, https:\/\/www.aquaventus.hr\/wp-content\/uploads\/2022\/06\/M18_CHPXDE-502C_komplet-768x465.png 768w, https:\/\/www.aquaventus.hr\/wp-content\/uploads\/2022\/06\/M18_CHPXDE-502C_komplet-1536x931.png 1536w, https:\/\/www.aquaventus.hr\/wp-content\/uploads\/2022\/06\/M18_CHPXDE-502C_komplet.png 1980w\" sizes=\"auto, (max-width: 1024px) 100vw, 1024px\" \/>\t\t\t\t\t\t\t\t<\/a>\n\t\t\t\t\t\t\t\t\t\t\t\t\t\t\t<\/div>\n\t\t\t\t<\/div>\n\t\t\t\t<div class=\"elementor-element elementor-element-cb36588 elementor-widget elementor-widget-spacer\" data-id=\"cb36588\" data-element_type=\"widget\" data-widget_type=\"spacer.default\">\n\t\t\t\t<div class=\"elementor-widget-container\">\n\t\t\t\t\t<div class=\"elementor-spacer\">\n\t\t\t<div class=\"elementor-spacer-inner\"><\/div>\n\t\t<\/div>\n\t\t\t\t<\/div>\n\t\t\t\t<\/div>\n\t\t\t\t<div class=\"elementor-element elementor-element-6740508 elementor-widget elementor-widget-text-editor\" data-id=\"6740508\" data-element_type=\"widget\" data-widget_type=\"text-editor.default\">\n\t\t\t\t<div class=\"elementor-widget-container\">\n\t\t\t\t\t\t\t\t<h5 style=\"text-align: center;\"><a href=\"https:\/\/www.aquaventus.hr\/index.php\/milwaukee\/\">Bu\u0161a\u010d i \u010deki\u0107 Milwaukee M18CHXD502\u00a0 <span style=\"color: #ff0000;\">AKCIJA 599 \u20ac<\/span><\/a><span style=\"color: #ff0000;\">\u00a0 sa dostavom<\/span><\/h5>\t\t\t\t\t\t<\/div>\n\t\t\t\t<\/div>\n\t\t\t\t\t<\/div>\n\t\t<\/div>\n\t\t\t\t\t\t\t<\/div>\n\t\t<\/section>\n\t\t\t\t<section class=\"elementor-section elementor-top-section elementor-element elementor-element-2206044 elementor-section-boxed elementor-section-height-default elementor-section-height-default\" data-id=\"2206044\" data-element_type=\"section\">\n\t\t\t\t\t\t<div class=\"elementor-container elementor-column-gap-default\">\n\t\t\t\t\t<div class=\"elementor-column elementor-col-100 elementor-top-column elementor-element elementor-element-aa789f4\" data-id=\"aa789f4\" data-element_type=\"column\">\n\t\t\t<div class=\"elementor-widget-wrap elementor-element-populated\">\n\t\t\t\t\t\t\t\t<div class=\"elementor-element elementor-element-1d9f492 elementor-widget elementor-widget-wp-widget-wpforms-widget\" data-id=\"1d9f492\" data-element_type=\"widget\" data-widget_type=\"wp-widget-wpforms-widget.default\">\n\t\t\t\t<div class=\"elementor-widget-container\">\n\t\t\t<h5>Kontaktirajte nas<\/h5><div class=\"wpforms-container wpforms-container-full\" id=\"wpforms-101\"><form id=\"wpforms-form-101\" class=\"wpforms-validate wpforms-form\" data-formid=\"101\" method=\"post\" enctype=\"multipart\/form-data\" action=\"\/index.php\/wp-json\/wp\/v2\/pages\/5\" data-token=\"3583cc918b69b07a3fd85946d2dfe7d4\"><noscript class=\"wpforms-error-noscript\">Please enable JavaScript in your browser to complete this form.<\/noscript><div class=\"wpforms-field-container\"><div id=\"wpforms-101-field_0-container\" class=\"wpforms-field wpforms-field-name\" data-field-id=\"0\"><label class=\"wpforms-field-label\" for=\"wpforms-101-field_0\">Ime <span class=\"wpforms-required-label\">*<\/span><\/label><input type=\"text\" id=\"wpforms-101-field_0\" class=\"wpforms-field-large wpforms-field-required\" name=\"wpforms[fields][0]\" required><\/div><div id=\"wpforms-101-field_1-container\" class=\"wpforms-field wpforms-field-email\" data-field-id=\"1\"><label class=\"wpforms-field-label\" for=\"wpforms-101-field_1\">Email <span class=\"wpforms-required-label\">*<\/span><\/label><input type=\"email\" id=\"wpforms-101-field_1\" class=\"wpforms-field-large wpforms-field-required\" name=\"wpforms[fields][1]\" spellcheck=\"false\" required><\/div><div id=\"wpforms-101-field_3-container\" class=\"wpforms-field wpforms-field-text\" data-field-id=\"3\"><label class=\"wpforms-field-label\" for=\"wpforms-101-field_3\">Broj telefona<\/label><input type=\"text\" id=\"wpforms-101-field_3\" class=\"wpforms-field-large\" name=\"wpforms[fields][3]\" ><\/div><div id=\"wpforms-101-field_2-container\" class=\"wpforms-field wpforms-field-textarea\" data-field-id=\"2\"><label class=\"wpforms-field-label\" for=\"wpforms-101-field_2\">Poruka <span class=\"wpforms-required-label\">*<\/span><\/label><textarea id=\"wpforms-101-field_2\" class=\"wpforms-field-medium wpforms-field-required wpforms-limit-characters-enabled\" data-form-id=\"101\" data-field-id=\"2\" data-text-limit=\"200\" name=\"wpforms[fields][2]\" maxlength=\"200\" required><\/textarea><\/div><\/div><!-- .wpforms-field-container --><div class=\"wpforms-recaptcha-container wpforms-is-recaptcha wpforms-is-recaptcha-type-v2\" ><div class=\"g-recaptcha\" data-sitekey=\"6LfOhoUpAAAAAIU-xD3BB4YfImNG-5j3EZafr36i\"><\/div><input type=\"text\" name=\"g-recaptcha-hidden\" class=\"wpforms-recaptcha-hidden\" style=\"position:absolute!important;clip:rect(0,0,0,0)!important;height:1px!important;width:1px!important;border:0!important;overflow:hidden!important;padding:0!important;margin:0!important;\" data-rule-recaptcha=\"1\"><\/div><div class=\"wpforms-submit-container\" ><input type=\"hidden\" name=\"wpforms[id]\" value=\"101\"><input type=\"hidden\" name=\"wpforms[author]\" value=\"1\"><button type=\"submit\" name=\"wpforms[submit]\" id=\"wpforms-submit-101\" class=\"wpforms-submit\" data-alt-text=\"Slanje...\" data-submit-text=\"Po\u0161alji\" aria-live=\"assertive\" value=\"wpforms-submit\">Po\u0161alji<\/button><\/div><\/form><\/div>  <!-- .wpforms-container -->\t\t<\/div>\n\t\t\t\t<\/div>\n\t\t\t\t\t<\/div>\n\t\t<\/div>\n\t\t\t\t\t\t\t<\/div>\n\t\t<\/section>\n\t\t\t\t\t\t<\/div>\n\t\t\t\t\t<\/div>\n\t\t","protected":false},"excerpt":{"rendered":"<p>Ventilator s raspr\u0161iva\u010dem vodene magle &#8211; dostupno Ventilator sa raspr\u0161iva\u010dem vodene maglice efikasno hladi prostor i stvara ugodniji ambijent. Ure\u0111aj je mobilan i sa ugra\u0111enim spremnikom za vodu stvara savr\u0161eno rje\u0161enje za sve vrste terasa i ugostiteljskih objekata. Vrlo je jednostavan za odr\u017eavanje i radi na vodu iz slavine. NOVO NA TR\u017dI\u0160TU HLA\u0110ENJA VANJSKIH PROSTORA [&hellip;]<\/p>\n","protected":false},"author":1,"featured_media":0,"parent":0,"menu_order":0,"comment_status":"closed","ping_status":"closed","template":"","meta":{"footnotes":""},"class_list":["post-5","page","type-page","status-publish","hentry","post"],"yoast_head":"<!-- This site is optimized with the Yoast SEO plugin v16.4 - https:\/\/yoast.com\/wordpress\/plugins\/seo\/ -->\n<title>Profesionalna rje\u0161enja za hla\u0111enje terasa i vanjskih prostora - Aquaventus<\/title>\n<meta name=\"description\" content=\"U ponudi imamo ventilatore s raspr\u0161iva\u010dem vodene magle i fiksne sustave za hla\u0111enje terasa i vanjskih prostora uz pomo\u0107 vodene maglice\" \/>\n<meta name=\"robots\" content=\"index, follow, max-snippet:-1, max-image-preview:large, max-video-preview:-1\" \/>\n<link rel=\"canonical\" href=\"https:\/\/www.aquaventus.hr\/\" \/>\n<meta property=\"og:locale\" content=\"en_US\" \/>\n<meta property=\"og:type\" content=\"article\" \/>\n<meta property=\"og:title\" content=\"Profesionalna rje\u0161enja za hla\u0111enje terasa i vanjskih prostora - Aquaventus\" \/>\n<meta property=\"og:description\" content=\"U ponudi imamo ventilatore s raspr\u0161iva\u010dem vodene magle i fiksne sustave za hla\u0111enje terasa i vanjskih prostora uz pomo\u0107 vodene maglice\" \/>\n<meta property=\"og:url\" content=\"https:\/\/www.aquaventus.hr\/\" \/>\n<meta property=\"og:site_name\" content=\"Aquaventus\" \/>\n<meta property=\"article:modified_time\" content=\"2025-11-01T09:15:46+00:00\" \/>\n<meta property=\"og:image\" content=\"https:\/\/www.aquaventus.hr\/wp-content\/uploads\/2021\/05\/Dizajn-bez-naslova-1024x1024.png\" \/>\n<meta name=\"twitter:card\" content=\"summary_large_image\" \/>\n<meta name=\"twitter:label1\" content=\"Est. reading time\" \/>\n\t<meta name=\"twitter:data1\" content=\"2 minutes\" \/>\n<script type=\"application\/ld+json\" class=\"yoast-schema-graph\">{\"@context\":\"https:\/\/schema.org\",\"@graph\":[{\"@type\":\"WebSite\",\"@id\":\"https:\/\/www.aquaventus.hr\/#website\",\"url\":\"https:\/\/www.aquaventus.hr\/\",\"name\":\"Aquaventus\",\"description\":\"Rje\\u0161enja za hla\\u0111enje vanjskih prostora\",\"potentialAction\":[{\"@type\":\"SearchAction\",\"target\":\"https:\/\/www.aquaventus.hr\/?s={search_term_string}\",\"query-input\":\"required name=search_term_string\"}],\"inLanguage\":\"en-US\"},{\"@type\":\"ImageObject\",\"@id\":\"https:\/\/www.aquaventus.hr\/#primaryimage\",\"inLanguage\":\"en-US\",\"url\":\"https:\/\/www.aquaventus.hr\/wp-content\/uploads\/2021\/05\/Dizajn-bez-naslova.png\",\"contentUrl\":\"https:\/\/www.aquaventus.hr\/wp-content\/uploads\/2021\/05\/Dizajn-bez-naslova.png\",\"width\":1080,\"height\":1080},{\"@type\":\"WebPage\",\"@id\":\"https:\/\/www.aquaventus.hr\/#webpage\",\"url\":\"https:\/\/www.aquaventus.hr\/\",\"name\":\"Profesionalna rje\\u0161enja za hla\\u0111enje terasa i vanjskih prostora - Aquaventus\",\"isPartOf\":{\"@id\":\"https:\/\/www.aquaventus.hr\/#website\"},\"primaryImageOfPage\":{\"@id\":\"https:\/\/www.aquaventus.hr\/#primaryimage\"},\"datePublished\":\"2021-05-10T23:26:59+00:00\",\"dateModified\":\"2025-11-01T09:15:46+00:00\",\"description\":\"U ponudi imamo ventilatore s raspr\\u0161iva\\u010dem vodene magle i fiksne sustave za hla\\u0111enje terasa i vanjskih prostora uz pomo\\u0107 vodene maglice\",\"breadcrumb\":{\"@id\":\"https:\/\/www.aquaventus.hr\/#breadcrumb\"},\"inLanguage\":\"en-US\",\"potentialAction\":[{\"@type\":\"ReadAction\",\"target\":[\"https:\/\/www.aquaventus.hr\/\"]}]},{\"@type\":\"BreadcrumbList\",\"@id\":\"https:\/\/www.aquaventus.hr\/#breadcrumb\",\"itemListElement\":[{\"@type\":\"ListItem\",\"position\":1,\"item\":{\"@type\":\"WebPage\",\"@id\":\"https:\/\/www.aquaventus.hr\/\",\"url\":\"https:\/\/www.aquaventus.hr\/\",\"name\":\"Po\\u010detna stranica\"}},{\"@type\":\"ListItem\",\"position\":2,\"item\":{\"@id\":\"https:\/\/www.aquaventus.hr\/#webpage\"}}]}]}<\/script>\n<!-- \/ Yoast SEO plugin. -->","_links":{"self":[{"href":"https:\/\/www.aquaventus.hr\/index.php\/wp-json\/wp\/v2\/pages\/5","targetHints":{"allow":["GET"]}}],"collection":[{"href":"https:\/\/www.aquaventus.hr\/index.php\/wp-json\/wp\/v2\/pages"}],"about":[{"href":"https:\/\/www.aquaventus.hr\/index.php\/wp-json\/wp\/v2\/types\/page"}],"author":[{"embeddable":true,"href":"https:\/\/www.aquaventus.hr\/index.php\/wp-json\/wp\/v2\/users\/1"}],"replies":[{"embeddable":true,"href":"https:\/\/www.aquaventus.hr\/index.php\/wp-json\/wp\/v2\/comments?post=5"}],"version-history":[{"count":103,"href":"https:\/\/www.aquaventus.hr\/index.php\/wp-json\/wp\/v2\/pages\/5\/revisions"}],"predecessor-version":[{"id":574,"href":"https:\/\/www.aquaventus.hr\/index.php\/wp-json\/wp\/v2\/pages\/5\/revisions\/574"}],"wp:attachment":[{"href":"https:\/\/www.aquaventus.hr\/index.php\/wp-json\/wp\/v2\/media?parent=5"}],"curies":[{"name":"wp","href":"https:\/\/api.w.org\/{rel}","templated":true}]}}