{"id":364,"date":"2022-05-06T10:45:28","date_gmt":"2022-05-06T10:45:28","guid":{"rendered":"https:\/\/www.aquaventus.hr\/?page_id=364"},"modified":"2024-10-25T15:46:57","modified_gmt":"2024-10-25T15:46:57","slug":"milwaukee","status":"publish","type":"page","link":"https:\/\/www.aquaventus.hr\/index.php\/milwaukee\/","title":{"rendered":"Bu\u0161a\u010d i \u010deki\u0107 Milwaukee M18CHXD502"},"content":{"rendered":"<figure><img decoding=\"async\" src=\"https:\/\/www.aquaventus.hr\/wp-content\/uploads\/2022\/06\/M18_CHPXDE-502C_komplet-1024x621.png\" alt=\"M18_CHPXDE-502C_komplet\" \/><\/figure>\n<figure><img decoding=\"async\" src=\"https:\/\/www.aquaventus.hr\/wp-content\/uploads\/2022\/06\/IMG_20220121_100347-1024x676.jpg\" alt=\"IMG_20220121_100347\" \/><\/figure>\n<figure><img decoding=\"async\" src=\"https:\/\/www.aquaventus.hr\/wp-content\/uploads\/2022\/06\/IMG_20220121_100608-1024x833.jpg\" alt=\"IMG_20220121_100608\" \/><\/figure>\n<p>\t\t\t\t\t\tPrethodno<br \/>\n\t\t\t\t\t\tSljede\u0107e<\/p>\n<h3>Raspolo\u017eivost: dostupno<br \/>Cijena: 599,00 \u20ac dostava gratis<\/h3>\n<h5>Komplet sa usisava\u010dem<br \/>Dvije uklju\u010dene baterije po 5Ah<\/h5>\n<p>\t\t\t<a href=\"https:\/\/www.aquaventus.hr\/index.php\/kontakt\/\" role=\"button\"><br \/>\n\t\t\t\t\t\tKontaktirajte nas i naru\u010dite proizvod<br \/>\n\t\t\t\t\t<\/a><\/p>\n<p>Snaga udarca: 2,5J<br \/>Motor bez \u010detkica za dugotrajan rad<br \/>Usisava\u010d s hepa filterom za \u0161to manje pra\u0161ine<br \/>AVS-antivibracijski sitem sa 45% manje vibracije<br \/>Te\u017eina 3,5 kg<\/p>\n","protected":false},"excerpt":{"rendered":"<p>Prethodno Sljede\u0107e Raspolo\u017eivost: dostupnoCijena: 599,00 \u20ac dostava gratis Komplet sa usisava\u010demDvije uklju\u010dene baterije po 5Ah Kontaktirajte nas i naru\u010dite proizvod Snaga udarca: 2,5JMotor bez \u010detkica za dugotrajan radUsisava\u010d s hepa filterom za \u0161to manje pra\u0161ineAVS-antivibracijski sitem sa 45% manje vibracijeTe\u017eina 3,5 kg<\/p>\n","protected":false},"author":1,"featured_media":0,"parent":0,"menu_order":0,"comment_status":"closed","ping_status":"closed","template":"","meta":{"footnotes":""},"class_list":["post-364","page","type-page","status-publish","hentry","post"],"yoast_head":"<!-- This site is optimized with the Yoast SEO plugin v16.4 - https:\/\/yoast.com\/wordpress\/plugins\/seo\/ -->\n<title>Bu\u0161a\u010d i \u010deki\u0107 Milwaukee M18CHXD502 - Aquaventus<\/title>\n<meta name=\"robots\" content=\"index, follow, max-snippet:-1, max-image-preview:large, max-video-preview:-1\" \/>\n<link rel=\"canonical\" href=\"https:\/\/www.aquaventus.hr\/index.php\/milwaukee\/\" \/>\n<meta property=\"og:locale\" content=\"en_US\" \/>\n<meta property=\"og:type\" content=\"article\" \/>\n<meta property=\"og:title\" content=\"Bu\u0161a\u010d i \u010deki\u0107 Milwaukee M18CHXD502 - Aquaventus\" \/>\n<meta property=\"og:description\" content=\"Prethodno Sljede\u0107e Raspolo\u017eivost: dostupnoCijena: 599,00 \u20ac dostava gratis Komplet sa usisava\u010demDvije uklju\u010dene baterije po 5Ah Kontaktirajte nas i naru\u010dite proizvod Snaga udarca: 2,5JMotor bez \u010detkica za dugotrajan radUsisava\u010d s hepa filterom za \u0161to manje pra\u0161ineAVS-antivibracijski sitem sa 45% manje vibracijeTe\u017eina 3,5 kg\" \/>\n<meta property=\"og:url\" content=\"https:\/\/www.aquaventus.hr\/index.php\/milwaukee\/\" \/>\n<meta property=\"og:site_name\" content=\"Aquaventus\" \/>\n<meta property=\"article:modified_time\" content=\"2024-10-25T15:46:57+00:00\" \/>\n<meta property=\"og:image\" content=\"https:\/\/www.aquaventus.hr\/wp-content\/uploads\/2022\/06\/M18_CHPXDE-502C_komplet-1024x621.png\" \/>\n<meta name=\"twitter:card\" content=\"summary_large_image\" \/>\n<meta name=\"twitter:label1\" content=\"Est. reading time\" \/>\n\t<meta name=\"twitter:data1\" content=\"2 minutes\" \/>\n<script type=\"application\/ld+json\" class=\"yoast-schema-graph\">{\"@context\":\"https:\/\/schema.org\",\"@graph\":[{\"@type\":\"WebSite\",\"@id\":\"https:\/\/www.aquaventus.hr\/#website\",\"url\":\"https:\/\/www.aquaventus.hr\/\",\"name\":\"Aquaventus\",\"description\":\"Rje\\u0161enja za hla\\u0111enje vanjskih prostora\",\"potentialAction\":[{\"@type\":\"SearchAction\",\"target\":\"https:\/\/www.aquaventus.hr\/?s={search_term_string}\",\"query-input\":\"required name=search_term_string\"}],\"inLanguage\":\"en-US\"},{\"@type\":\"ImageObject\",\"@id\":\"https:\/\/www.aquaventus.hr\/index.php\/milwaukee\/#primaryimage\",\"inLanguage\":\"en-US\",\"url\":\"https:\/\/www.aquaventus.hr\/wp-content\/uploads\/2022\/06\/M18_CHPXDE-502C_komplet.png\",\"contentUrl\":\"https:\/\/www.aquaventus.hr\/wp-content\/uploads\/2022\/06\/M18_CHPXDE-502C_komplet.png\",\"width\":1980,\"height\":1200},{\"@type\":\"WebPage\",\"@id\":\"https:\/\/www.aquaventus.hr\/index.php\/milwaukee\/#webpage\",\"url\":\"https:\/\/www.aquaventus.hr\/index.php\/milwaukee\/\",\"name\":\"Bu\\u0161a\\u010d i \\u010deki\\u0107 Milwaukee M18CHXD502 - Aquaventus\",\"isPartOf\":{\"@id\":\"https:\/\/www.aquaventus.hr\/#website\"},\"primaryImageOfPage\":{\"@id\":\"https:\/\/www.aquaventus.hr\/index.php\/milwaukee\/#primaryimage\"},\"datePublished\":\"2022-05-06T10:45:28+00:00\",\"dateModified\":\"2024-10-25T15:46:57+00:00\",\"breadcrumb\":{\"@id\":\"https:\/\/www.aquaventus.hr\/index.php\/milwaukee\/#breadcrumb\"},\"inLanguage\":\"en-US\",\"potentialAction\":[{\"@type\":\"ReadAction\",\"target\":[\"https:\/\/www.aquaventus.hr\/index.php\/milwaukee\/\"]}]},{\"@type\":\"BreadcrumbList\",\"@id\":\"https:\/\/www.aquaventus.hr\/index.php\/milwaukee\/#breadcrumb\",\"itemListElement\":[{\"@type\":\"ListItem\",\"position\":1,\"item\":{\"@type\":\"WebPage\",\"@id\":\"https:\/\/www.aquaventus.hr\/\",\"url\":\"https:\/\/www.aquaventus.hr\/\",\"name\":\"Po\\u010detna stranica\"}},{\"@type\":\"ListItem\",\"position\":2,\"item\":{\"@id\":\"https:\/\/www.aquaventus.hr\/index.php\/milwaukee\/#webpage\"}}]}]}<\/script>\n<!-- \/ Yoast SEO plugin. -->","_links":{"self":[{"href":"https:\/\/www.aquaventus.hr\/index.php\/wp-json\/wp\/v2\/pages\/364","targetHints":{"allow":["GET"]}}],"collection":[{"href":"https:\/\/www.aquaventus.hr\/index.php\/wp-json\/wp\/v2\/pages"}],"about":[{"href":"https:\/\/www.aquaventus.hr\/index.php\/wp-json\/wp\/v2\/types\/page"}],"author":[{"embeddable":true,"href":"https:\/\/www.aquaventus.hr\/index.php\/wp-json\/wp\/v2\/users\/1"}],"replies":[{"embeddable":true,"href":"https:\/\/www.aquaventus.hr\/index.php\/wp-json\/wp\/v2\/comments?post=364"}],"version-history":[{"count":20,"href":"https:\/\/www.aquaventus.hr\/index.php\/wp-json\/wp\/v2\/pages\/364\/revisions"}],"predecessor-version":[{"id":439,"href":"https:\/\/www.aquaventus.hr\/index.php\/wp-json\/wp\/v2\/pages\/364\/revisions\/439"}],"wp:attachment":[{"href":"https:\/\/www.aquaventus.hr\/index.php\/wp-json\/wp\/v2\/media?parent=364"}],"curies":[{"name":"wp","href":"https:\/\/api.w.org\/{rel}","templated":true}]}}