{"id":154,"date":"2021-05-13T13:41:00","date_gmt":"2021-05-13T13:41:00","guid":{"rendered":"https:\/\/www.aquaventus.hr\/?page_id=154"},"modified":"2021-06-13T08:33:22","modified_gmt":"2021-06-13T08:33:22","slug":"impressum","status":"publish","type":"page","link":"https:\/\/www.aquaventus.hr\/index.php\/impressum\/","title":{"rendered":"Impressum"},"content":{"rendered":"\n<p>Aquaventus d.o.o. za trgovinu i usluge, skra\u0107eno: Aquaventus d.o.o.<\/p>\n\n\n\n<p>Livadarska 18, 10340 Vrbovec<\/p>\n\n\n\n<p>e-mail:&nbsp;<a rel=\"noreferrer noopener\" href=\"mailto:info@aquaventus.hr\" target=\"_blank\">info@aquaventus.hr<\/a><\/p>\n\n\n\n<p>Telefon: 01\/2791779<\/p>\n\n\n\n<p>Ra\u010dun Zagreba\u010dka banka: HR5523600001102073998<\/p>\n\n\n\n<p>Ra\u010dun Raiffeisen bank: HR7124840081135208598<\/p>\n\n\n\n<p>OIB: 40313098111<\/p>\n\n\n\n<p>Mati\u010dni broj: 2493926<\/p>\n\n\n\n<p>MBS:080689654<\/p>\n\n\n\n<p>Trgova\u010dki sud u Zagrebu<\/p>\n\n\n\n<p>Temeljni kapital 20.000, 00 kn upla\u0107en u cijelosti<\/p>\n\n\n\n<p>\u010clan dru\u0161tva\/direktor:&nbsp;Zoran&nbsp;\u010culig<\/p>\n","protected":false},"excerpt":{"rendered":"<p>Aquaventus d.o.o. za trgovinu i usluge, skra\u0107eno: Aquaventus d.o.o. Livadarska 18, 10340 Vrbovec e-mail:&nbsp;info@aquaventus.hr Telefon: 01\/2791779 Ra\u010dun Zagreba\u010dka banka: HR5523600001102073998 Ra\u010dun Raiffeisen bank: HR7124840081135208598 OIB: 40313098111 Mati\u010dni broj: 2493926 MBS:080689654 Trgova\u010dki sud u Zagrebu Temeljni kapital 20.000, 00 kn upla\u0107en u cijelosti \u010clan dru\u0161tva\/direktor:&nbsp;Zoran&nbsp;\u010culig<\/p>\n","protected":false},"author":1,"featured_media":0,"parent":0,"menu_order":0,"comment_status":"closed","ping_status":"closed","template":"","meta":{"footnotes":""},"class_list":["post-154","page","type-page","status-publish","hentry","post"],"yoast_head":"<!-- This site is optimized with the Yoast SEO plugin v16.4 - https:\/\/yoast.com\/wordpress\/plugins\/seo\/ -->\n<title>Impressum - Aquaventus<\/title>\n<meta name=\"robots\" content=\"index, follow, max-snippet:-1, max-image-preview:large, max-video-preview:-1\" \/>\n<link rel=\"canonical\" href=\"https:\/\/www.aquaventus.hr\/index.php\/impressum\/\" \/>\n<meta property=\"og:locale\" content=\"en_US\" \/>\n<meta property=\"og:type\" content=\"article\" \/>\n<meta property=\"og:title\" content=\"Impressum - Aquaventus\" \/>\n<meta property=\"og:description\" content=\"Aquaventus d.o.o. za trgovinu i usluge, skra\u0107eno: Aquaventus d.o.o. Livadarska 18, 10340 Vrbovec e-mail:&nbsp;info@aquaventus.hr Telefon: 01\/2791779 Ra\u010dun Zagreba\u010dka banka: HR5523600001102073998 Ra\u010dun Raiffeisen bank: HR7124840081135208598 OIB: 40313098111 Mati\u010dni broj: 2493926 MBS:080689654 Trgova\u010dki sud u Zagrebu Temeljni kapital 20.000, 00 kn upla\u0107en u cijelosti \u010clan dru\u0161tva\/direktor:&nbsp;Zoran&nbsp;\u010culig\" \/>\n<meta property=\"og:url\" content=\"https:\/\/www.aquaventus.hr\/index.php\/impressum\/\" \/>\n<meta property=\"og:site_name\" content=\"Aquaventus\" \/>\n<meta property=\"article:modified_time\" content=\"2021-06-13T08:33:22+00:00\" \/>\n<meta name=\"twitter:card\" content=\"summary_large_image\" \/>\n<meta name=\"twitter:label1\" content=\"Est. reading time\" \/>\n\t<meta name=\"twitter:data1\" content=\"1 minute\" \/>\n<script type=\"application\/ld+json\" class=\"yoast-schema-graph\">{\"@context\":\"https:\/\/schema.org\",\"@graph\":[{\"@type\":\"WebSite\",\"@id\":\"https:\/\/www.aquaventus.hr\/#website\",\"url\":\"https:\/\/www.aquaventus.hr\/\",\"name\":\"Aquaventus\",\"description\":\"Rje\\u0161enja za hla\\u0111enje vanjskih prostora\",\"potentialAction\":[{\"@type\":\"SearchAction\",\"target\":\"https:\/\/www.aquaventus.hr\/?s={search_term_string}\",\"query-input\":\"required name=search_term_string\"}],\"inLanguage\":\"en-US\"},{\"@type\":\"WebPage\",\"@id\":\"https:\/\/www.aquaventus.hr\/index.php\/impressum\/#webpage\",\"url\":\"https:\/\/www.aquaventus.hr\/index.php\/impressum\/\",\"name\":\"Impressum - Aquaventus\",\"isPartOf\":{\"@id\":\"https:\/\/www.aquaventus.hr\/#website\"},\"datePublished\":\"2021-05-13T13:41:00+00:00\",\"dateModified\":\"2021-06-13T08:33:22+00:00\",\"breadcrumb\":{\"@id\":\"https:\/\/www.aquaventus.hr\/index.php\/impressum\/#breadcrumb\"},\"inLanguage\":\"en-US\",\"potentialAction\":[{\"@type\":\"ReadAction\",\"target\":[\"https:\/\/www.aquaventus.hr\/index.php\/impressum\/\"]}]},{\"@type\":\"BreadcrumbList\",\"@id\":\"https:\/\/www.aquaventus.hr\/index.php\/impressum\/#breadcrumb\",\"itemListElement\":[{\"@type\":\"ListItem\",\"position\":1,\"item\":{\"@type\":\"WebPage\",\"@id\":\"https:\/\/www.aquaventus.hr\/\",\"url\":\"https:\/\/www.aquaventus.hr\/\",\"name\":\"Po\\u010detna stranica\"}},{\"@type\":\"ListItem\",\"position\":2,\"item\":{\"@id\":\"https:\/\/www.aquaventus.hr\/index.php\/impressum\/#webpage\"}}]}]}<\/script>\n<!-- \/ Yoast SEO plugin. -->","_links":{"self":[{"href":"https:\/\/www.aquaventus.hr\/index.php\/wp-json\/wp\/v2\/pages\/154","targetHints":{"allow":["GET"]}}],"collection":[{"href":"https:\/\/www.aquaventus.hr\/index.php\/wp-json\/wp\/v2\/pages"}],"about":[{"href":"https:\/\/www.aquaventus.hr\/index.php\/wp-json\/wp\/v2\/types\/page"}],"author":[{"embeddable":true,"href":"https:\/\/www.aquaventus.hr\/index.php\/wp-json\/wp\/v2\/users\/1"}],"replies":[{"embeddable":true,"href":"https:\/\/www.aquaventus.hr\/index.php\/wp-json\/wp\/v2\/comments?post=154"}],"version-history":[{"count":4,"href":"https:\/\/www.aquaventus.hr\/index.php\/wp-json\/wp\/v2\/pages\/154\/revisions"}],"predecessor-version":[{"id":327,"href":"https:\/\/www.aquaventus.hr\/index.php\/wp-json\/wp\/v2\/pages\/154\/revisions\/327"}],"wp:attachment":[{"href":"https:\/\/www.aquaventus.hr\/index.php\/wp-json\/wp\/v2\/media?parent=154"}],"curies":[{"name":"wp","href":"https:\/\/api.w.org\/{rel}","templated":true}]}}